{"id":30,"date":"2025-12-15T17:02:19","date_gmt":"2025-12-15T16:02:19","guid":{"rendered":"http:\/\/onolingo.com\/de\/?page_id=30"},"modified":"2026-03-30T20:02:01","modified_gmt":"2026-03-30T18:02:01","slug":"onolingo-business-english","status":"publish","type":"page","link":"https:\/\/onolingo.com\/de\/","title":{"rendered":"Onolingo Business English"},"content":{"rendered":"\n<h2 class=\"wp-block-heading has-primary-background-color has-background\" style=\"padding-top:var(--wp--preset--spacing--20);padding-right:var(--wp--preset--spacing--20);padding-bottom:var(--wp--preset--spacing--20);padding-left:var(--wp--preset--spacing--20)\"><img loading=\"lazy\" decoding=\"async\" width=\"1080\" height=\"810\" class=\"wp-image-32\" style=\"width: 1080px;\" src=\"http:\/\/onolingo.com\/de\/wp-content\/uploads\/sites\/2\/2025\/12\/jm4-3.jpg\" alt=\"\" srcset=\"https:\/\/onolingo.com\/de\/wp-content\/uploads\/sites\/3\/2025\/12\/jm4-3.jpg 2508w, https:\/\/onolingo.com\/de\/wp-content\/uploads\/sites\/3\/2025\/12\/jm4-3-300x225.jpg 300w, https:\/\/onolingo.com\/de\/wp-content\/uploads\/sites\/3\/2025\/12\/jm4-3-1024x768.jpg 1024w, https:\/\/onolingo.com\/de\/wp-content\/uploads\/sites\/3\/2025\/12\/jm4-3-768x576.jpg 768w, https:\/\/onolingo.com\/de\/wp-content\/uploads\/sites\/3\/2025\/12\/jm4-3-1536x1152.jpg 1536w, https:\/\/onolingo.com\/de\/wp-content\/uploads\/sites\/3\/2025\/12\/jm4-3-2048x1536.jpg 2048w\" sizes=\"auto, (max-width: 1080px) 100vw, 1080px\" \/>Besseres Business-Englisch, bessere Ergebnisse!<\/h2>\n\n\n\n<p>Ich bin John Moen. Ich helfe Fach\u2011 und F\u00fchrungskr\u00e4ften auf allen Ebenen, klar und selbstbewusst zu kommunizieren \u2013 in Meetings, Pr\u00e4sentationen, auf Konferenzen, bei Networking\u2011Events und bei der interkulturellen Zusammenarbeit.<\/p>\n\n\n\n<p>M\u00f6chtest du erfahren, wie ich dir oder deinem Unternehmen helfen kann, effektiver zu kommunizieren \u2013 mit mehr Selbstvertrauen und gr\u00f6\u00dferer Wirkung? Dann nutze einfach das Formular unten, um Kontakt aufzunehmen.<\/p>\n\n\n\n<h2 class=\"wp-block-heading\">Let&#8217;s connect!<\/h2>\n\n\n\n<div class=\"wpcf7 no-js\" id=\"wpcf7-f53-o1\" lang=\"en-US\" dir=\"ltr\" data-wpcf7-id=\"53\">\n<div class=\"screen-reader-response\"><p role=\"status\" aria-live=\"polite\" aria-atomic=\"true\"><\/p> <ul><\/ul><\/div>\n<form action=\"\/de\/wp-json\/wp\/v2\/pages\/30#wpcf7-f53-o1\" method=\"post\" class=\"wpcf7-form init\" aria-label=\"Contact form\" novalidate=\"novalidate\" data-status=\"init\">\n<fieldset class=\"hidden-fields-container\"><input type=\"hidden\" name=\"_wpcf7\" value=\"53\" \/><input type=\"hidden\" name=\"_wpcf7_version\" value=\"6.1.5\" \/><input type=\"hidden\" name=\"_wpcf7_locale\" value=\"en_US\" \/><input type=\"hidden\" name=\"_wpcf7_unit_tag\" value=\"wpcf7-f53-o1\" \/><input type=\"hidden\" name=\"_wpcf7_container_post\" value=\"0\" \/><input type=\"hidden\" name=\"_wpcf7_posted_data_hash\" value=\"\" \/>\n<\/fieldset>\n<p><label> Dein Name & Unternehmen*<br \/>\n<span class=\"wpcf7-form-control-wrap\" data-name=\"your-name\"><input size=\"40\" maxlength=\"400\" class=\"wpcf7-form-control wpcf7-text wpcf7-validates-as-required\" autocomplete=\"name\" aria-required=\"true\" aria-invalid=\"false\" value=\"\" type=\"text\" name=\"your-name\" \/><\/span> <\/label>\n<\/p>\n<p><label> Gesch\u00e4fts\u2011E-Mail*<br \/>\n<span class=\"wpcf7-form-control-wrap\" data-name=\"your-email\"><input size=\"40\" maxlength=\"400\" class=\"wpcf7-form-control wpcf7-email wpcf7-validates-as-required wpcf7-text wpcf7-validates-as-email\" autocomplete=\"email\" aria-required=\"true\" aria-invalid=\"false\" value=\"\" type=\"email\" name=\"your-email\" \/><\/span> <\/label>\n<\/p>\n<p><label> Gesch\u00e4ftstelefon*<br \/>\n<span class=\"wpcf7-form-control-wrap\" data-name=\"tel-958\"><input size=\"40\" maxlength=\"400\" class=\"wpcf7-form-control wpcf7-tel wpcf7-validates-as-required wpcf7-text wpcf7-validates-as-tel\" aria-required=\"true\" aria-invalid=\"false\" value=\"\" type=\"tel\" name=\"tel-958\" \/><\/span> <\/label>\n<\/p>\n<h6>Interessensgebiete \u2013 du kannst mehr als eine Option ausw\u00e4hlen*\n<\/h6>\n<p><span class=\"wpcf7-form-control-wrap\" data-name=\"checkbox-331\"><span class=\"wpcf7-form-control wpcf7-checkbox wpcf7-validates-as-required\"><span class=\"wpcf7-list-item first\"><label><input type=\"checkbox\" name=\"checkbox-331[]\" value=\"Ich interessiere mich f\u00fcr Business\u2011Englisch\u2011Kurse, Coaching und\/oder Workshops f\u00fcr mein Unternehmen.\" \/><span class=\"wpcf7-list-item-label\">Ich interessiere mich f\u00fcr Business\u2011Englisch\u2011Kurse, Coaching und\/oder Workshops f\u00fcr mein Unternehmen.<\/span><\/label><\/span><span class=\"wpcf7-list-item\"><label><input type=\"checkbox\" name=\"checkbox-331[]\" value=\"Ich bin Privatperson und m\u00f6chte mein Business\u2011Englisch im Einzelunterricht oder in einem Kleingruppenkurs verbessern.\" \/><span class=\"wpcf7-list-item-label\">Ich bin Privatperson und m\u00f6chte mein Business\u2011Englisch im Einzelunterricht oder in einem Kleingruppenkurs verbessern.<\/span><\/label><\/span><span class=\"wpcf7-list-item\"><label><input type=\"checkbox\" name=\"checkbox-331[]\" value=\"Ich m\u00f6chte ein kostenloses Beratungsgespr\u00e4ch vereinbaren.\" \/><span class=\"wpcf7-list-item-label\">Ich m\u00f6chte ein kostenloses Beratungsgespr\u00e4ch vereinbaren.<\/span><\/label><\/span><span class=\"wpcf7-list-item last\"><label><input type=\"checkbox\" name=\"checkbox-331[]\" value=\"Ich m\u00f6chte Informationen zu Preisen erhalten.\" \/><span class=\"wpcf7-list-item-label\">Ich m\u00f6chte Informationen zu Preisen erhalten.<\/span><\/label><\/span><\/span><\/span>\n<\/p>\n<p><label> Bitte beschreibe kurz, warum du dein oder das Business\u2011Englisch deiner Mitarbeitenden verbessern m\u00f6chtest. Falls du Preisinformationen anforderst, gib bitte ein paar Details an \u2013 z.\u202fB. ob du Executive\u202fCoaching suchst, f\u00fcr wie viele Mitarbeitende du Schulungen planst usw.*<br \/>\n<span class=\"wpcf7-form-control-wrap\" data-name=\"textarea-333\"><textarea cols=\"40\" rows=\"10\" maxlength=\"2000\" class=\"wpcf7-form-control wpcf7-textarea wpcf7-validates-as-required\" aria-required=\"true\" aria-invalid=\"false\" placeholder=\"Ich\/wir brauchen Englisch f\u00fcr \u2026\" name=\"textarea-333\"><\/textarea><\/span> <\/label>\n<\/p>\n<p><label> Onolingo verpflichtet sich zur vollst\u00e4ndigen Einhaltung der DSGVO. Das bedeutet, dass du best\u00e4tigen musst, dass du unsere <a href=\"https:\/\/onolingo.com\/terms-conditions\/\" target=\"_blank\" rel=\"noopener noreferrer\">Allgemeinen\u202fGesch\u00e4ftsbedingungen<\/a> und unsere <a href=\"https:\/\/onolingo.com\/privacy-policy\/\" target=\"_blank\" rel=\"noopener noreferrer\">Datenschutzerkl\u00e4rung<\/a> gelesen hast und ihnen zustimmst, bevor du dieses Formular absendest.<br \/>\n<span class=\"wpcf7-form-control-wrap\" data-name=\"acceptance-15\"><span class=\"wpcf7-form-control wpcf7-acceptance\"><span class=\"wpcf7-list-item\"><label><input type=\"checkbox\" name=\"acceptance-15\" value=\"1\" aria-invalid=\"false\" \/><span class=\"wpcf7-list-item-label\">Ich habe die Allgemeinen\u202fGesch\u00e4ftsbedingungen und die Datenschutzerkl\u00e4rung gelesen und stimme ihnen zu.*<\/span><\/label><\/span><\/span><\/span> <\/label>\n<\/p>\n<p><input class=\"wpcf7-form-control wpcf7-submit has-spinner\" type=\"submit\" value=\"Absenden\" \/><br \/>\n<div class=\"wpcf7-turnstile cf-turnstile\" data-sitekey=\"0x4AAAAAACG1xFAJ3iKbel4e\" data-response-field-name=\"_wpcf7_turnstile_response\" data-appearance=\"interaction-only\" data-language=\"de\"><\/div>\n<\/p><div class=\"wpcf7-response-output\" aria-hidden=\"true\"><\/div>\n<\/form>\n<\/div>\n\n\n\n\n<div style=\"height:100px\" aria-hidden=\"true\" class=\"wp-block-spacer\"><\/div>\n\n\n\n<div style=\"text-align: center; width: 100%;\">\n  <div style=\"max-width: 560px; margin: 0 auto;\">\n    <div style=\"position: relative; padding-bottom: 56.25%; height: 0; overflow: hidden;\">\n      <iframe \n        src=\"https:\/\/www.youtube.com\/embed\/LIHYc_hiI_Q?rel=0&#038;modestbranding=1&#038;cc_load_policy=1&#038;cc_lang_pref=de\" \n        style=\"position: absolute; top: 0; left: 0; width: 100%; height: 100%; border: 0;\" \n        title=\"YouTube video player\" \n        allow=\"accelerometer; clipboard-write; encrypted-media; gyroscope; picture-in-picture; web-share\" \n        referrerpolicy=\"strict-origin-when-cross-origin\" \n        allowfullscreen>\n      <\/iframe>\n    <\/div>\n  <\/div>\n<\/div>\n\n\n<h2 class=\"wp-block-heading\">\u00dcber mich<\/h2>\n\n\n\n<div style=\"overflow: hidden; margin-bottom: 20px;\">\n    <h3 style=\"margin-top: 0;\">Berufliche Expertise<\/h3>\n    <img decoding=\"async\" src=\"https:\/\/onolingo.com\/de\/wp-content\/uploads\/sites\/3\/2025\/12\/PXL_20251221_134026016.PORTRAIT2.jpg\" \n         alt=\"Foto von Onolingo-Gr\u00fcnder John Moen\" \n         style=\"width: 150px; height: 150px; border-radius: 50%; object-fit: cover; float: left; margin: 0 20px 10px 0;\">\n    <p>Im Jahr 2026 blicke ich auf 29 Jahre als Lehrer f\u00fcr Englisch als Fremdsprache zur\u00fcck. Als Business\u2011English\u2011Trainer bin ich auf <strong>Executive Coaching<\/strong>, <strong>Unternehmens\u2011 und interkulturelle Kommunikationsworkshops<\/strong> sowie <strong>Online\u2011Business\u2011Englischkurse<\/strong> f\u00fcr kleine Gruppen spezialisiert.<\/p>\n    <p>Im Laufe der Jahre habe ich mit Fach- und F\u00fchrungskr\u00e4ften aus einer Vielzahl von Branchen zusammengearbeitet:<\/p>\n    \n    <div style=\"display: grid; grid-template-columns: repeat(auto-fit, minmax(250px, 1fr)); gap: 10px; margin-top: 20px;\">\n        <ul style=\"margin: 0; padding-left: 20px;\">\n            <li>Ingenieurwesen (Maschinenbau, Bau, Elektrotechnik)<\/li>\n            <li>Industrie- &amp; Grafikdesign<\/li>\n            <li>Produktion &amp; Fertigung<\/li>\n            <li>Automobil, Luftfahrt &amp; Mobilit\u00e4t<\/li>\n            <li>Chemie &amp; Pharmazie<\/li>\n            <li>Medizin &amp; Gesundheitswesen<\/li>\n            <li>Managementberatung<\/li>\n        <\/ul>\n        <ul style=\"margin: 0; padding-left: 20px;\">\n            <li>Informationstechnologie &amp; Software<\/li>\n            <li>Finanzwesen, Banken &amp; Versicherungen<\/li>\n            <li>Logistik &amp; Supply Chain Management<\/li>\n            <li>Recht &amp; Rechtsdienstleistungen<\/li>\n            <li>Regierung &amp; \u00f6ffentliche Verwaltung<\/li>\n            <li>Hotellerie &amp; Tourismus<\/li>\n            <li>Facility Management<\/li>\n        <\/ul>\n    <\/div>\n<\/div>\n\n\n\n<h3 class=\"wp-block-heading\">Lehrphilosophie &amp; Methodik<\/h3>\n\n\n\n<p>Seit dem Erwerb meines Lehrzertifikats an der San Diego State University im Jahr 1997 hat sich mein Ansatz stetig weiterentwickelt \u2013 gepr\u00e4gt durch Erfahrung und kontinuierliche berufliche Weiterbildung.<\/p>\n\n\n\n<p>Heute orientiere ich mich vor allem am <strong>Natural Approach<\/strong>, der <strong>authentische Kommunikation<\/strong> in realen Kontexten betont. Ich integriere Strategien des <strong>verteilten Lernens (Spaced Repetition)<\/strong>, um Lernenden zu helfen, das Gelernte langfristig zu festigen und darauf aufzubauen. Ich setze <strong>problemorientierte<\/strong> und aufgabenbasierte Aktivit\u00e4ten ein, um das Lernen <strong>praxisnah und arbeitsrelevant<\/strong> zu gestalten.<\/p>\n\n\n\n<p>Anstatt mich auf Vortr\u00e4ge oder zu viele Korrekturen zu st\u00fctzen, bem\u00fche ich mich, eine <strong>positive Lernatmosph\u00e4re<\/strong> zu schaffen, in der sich meine Teilnehmenden wohlf\u00fchlen und gleichzeitig ihr Selbstvertrauen und ihre Kommunikationskompetenz st\u00e4rken.<\/p>\n\n\n\n<h3 class=\"wp-block-heading\">Pers\u00f6nlicher Hintergrund<\/h3>\n\n\n\n<p>Ich bin in den USA geboren und aufgewachsen, lebe jedoch seit 1997 in der Metropolregion Frankfurt\/Rhein\u2011Main.<\/p>\n\n\n\n<p>\u2014 <strong>John Moen<\/strong>, Gr\u00fcnder von Onolingo<\/p>\n\n\n\n<div style=\"height:60px\" aria-hidden=\"true\" class=\"wp-block-spacer\"><\/div>\n\n\n\n<div class=\"wp-block-group has-quaternary-color has-text-color has-background has-link-color wp-elements-bb2274bcfa28ea11cae7baa9f001a204\" style=\"background-color:#212121\"><div class=\"wp-block-group__inner-container is-layout-constrained wp-block-group-is-layout-constrained\">\n\n\n<h2 class=\"wp-block-heading has-text-align-center has-quaternary-color has-primary-background-color has-text-color has-background has-link-color wp-elements-a6978fd170ff98aa9b46fc069783bce5\" style=\"padding-top:var(--wp--preset--spacing--50);padding-right:0;padding-bottom:var(--wp--preset--spacing--50);padding-left:0\">Test Your English!<\/h2>\n\n\n\n<h3 class=\"wp-block-heading has-quaternary-color has-text-color has-link-color wp-elements-844e86f9493b3a07583b17c58f3dc99b\" style=\"padding-top:var(--wp--preset--spacing--20);padding-right:var(--wp--preset--spacing--40);padding-bottom:0;padding-left:var(--wp--preset--spacing--40)\">Kostenloser &amp; schneller Level-Check<\/h3>\n\n\n\n<p class=\"has-text-align-left\" style=\"padding-top:var(--wp--preset--spacing--20);padding-right:var(--wp--preset--spacing--40);padding-bottom:var(--wp--preset--spacing--40);padding-left:var(--wp--preset--spacing--40)\">Onolingos Quick English Test ermittelt dein Level in maximal 30 Minuten. Das ist ein schneller Level-Check, der dir hilft, den passenden Kurs zu finden. Bitte beachte: Das ist keine offizielle Pr\u00fcfung wie TOEIC oder IELTS.<\/p>\n\n\n\n<div class=\"wp-block-buttons is-content-justification-center is-layout-flex wp-container-core-buttons-is-layout-16018d1d wp-block-buttons-is-layout-flex\">\n<div class=\"wp-block-button\"><a class=\"wp-block-button__link has-text-align-center wp-element-button\" href=\"https:\/\/onolingo.com\/test\" target=\"_blank\" rel=\"noreferrer noopener\">Zum Test<\/a><\/div>\n<\/div>\n\n\n\n<div style=\"height:20px\" aria-hidden=\"true\" class=\"wp-block-spacer\"><\/div>\n\n\n<\/div><\/div>\n\n","protected":false},"excerpt":{"rendered":"<p>Besseres Business-Englisch, bessere Ergebnisse! Ich bin John Moen. Ich helfe Fach\u2011 und F\u00fchrungskr\u00e4ften auf allen Ebenen, klar und selbstbewusst zu kommunizieren \u2013 in Meetings, Pr\u00e4sentationen, auf Konferenzen, bei Networking\u2011Events und bei der interkulturellen Zusammenarbeit. M\u00f6chtest du erfahren, wie ich dir oder deinem Unternehmen helfen kann, effektiver zu kommunizieren \u2013 mit mehr Selbstvertrauen und gr\u00f6\u00dferer Wirkung? [&hellip;]<\/p>\n","protected":false},"author":1,"featured_media":0,"parent":0,"menu_order":0,"comment_status":"closed","ping_status":"closed","template":"","meta":{"_coblocks_attr":"","_coblocks_dimensions":"","_coblocks_responsive_height":"","_coblocks_accordion_ie_support":"","hide_page_title":"enabled","footnotes":""},"class_list":["post-30","page","type-page","status-publish","hentry"],"_links":{"self":[{"href":"https:\/\/onolingo.com\/de\/wp-json\/wp\/v2\/pages\/30","targetHints":{"allow":["GET"]}}],"collection":[{"href":"https:\/\/onolingo.com\/de\/wp-json\/wp\/v2\/pages"}],"about":[{"href":"https:\/\/onolingo.com\/de\/wp-json\/wp\/v2\/types\/page"}],"author":[{"embeddable":true,"href":"https:\/\/onolingo.com\/de\/wp-json\/wp\/v2\/users\/1"}],"replies":[{"embeddable":true,"href":"https:\/\/onolingo.com\/de\/wp-json\/wp\/v2\/comments?post=30"}],"version-history":[{"count":43,"href":"https:\/\/onolingo.com\/de\/wp-json\/wp\/v2\/pages\/30\/revisions"}],"predecessor-version":[{"id":169,"href":"https:\/\/onolingo.com\/de\/wp-json\/wp\/v2\/pages\/30\/revisions\/169"}],"wp:attachment":[{"href":"https:\/\/onolingo.com\/de\/wp-json\/wp\/v2\/media?parent=30"}],"curies":[{"name":"wp","href":"https:\/\/api.w.org\/{rel}","templated":true}]}}