{"id":21,"date":"2025-12-15T14:48:32","date_gmt":"2025-12-15T14:48:32","guid":{"rendered":"http:\/\/onolingo.com\/fr\/?page_id=21"},"modified":"2026-03-24T15:17:10","modified_gmt":"2026-03-24T14:17:10","slug":"terms-conditions","status":"publish","type":"page","link":"https:\/\/onolingo.com\/fr\/terms-conditions\/","title":{"rendered":"Terms &amp; Conditions"},"content":{"rendered":"\n<h2 class=\"wp-block-heading\">Conditions g\u00e9n\u00e9rales de vente<\/h2>\n\n\n\n<p><em>Derni\u00e8re mise \u00e0 jour le 12 juillet 2022<\/em><\/p>\n\n\n\n<h2 class=\"wp-block-heading\">1. Introduction<\/h2>\n\n\n\n<p><em>Les pr\u00e9sentes Conditions G\u00e9n\u00e9rales de Vente (ci-apr\u00e8s les \u00ab Conditions \u00bb) s\u2019appliquent \u00e0 ce site Web et aux transactions relatives \u00e0 nos produits et services. Vous pouvez \u00eatre li\u00e9 par des contrats suppl\u00e9mentaires relatifs \u00e0 votre relation avec nous ou \u00e0 tout produit ou service que vous recevez de notre part. En cas de conflit entre les dispositions de ces contrats suppl\u00e9mentaires et celles des pr\u00e9sentes Conditions, les dispositions des contrats suppl\u00e9mentaires pr\u00e9vaudront.<\/em><\/p>\n\n\n\n<h2 class=\"wp-block-heading\">2. Engagement<\/h2>\n\n\n\n<p>En vous inscrivant, en acc\u00e9dant ou en utilisant ce site Internet de toute autre mani\u00e8re, vous acceptez par la pr\u00e9sente d&rsquo;\u00eatre li\u00e9 par les pr\u00e9sentes Conditions \u00e9nonc\u00e9es ci-dessous. La simple utilisation de ce site Internet implique la connaissance et l&rsquo;acceptation de ces Conditions. Dans certains cas particuliers, nous pouvons \u00e9galement vous demander de donner votre accord de mani\u00e8re explicite.<\/p>\n\n\n\n<h2 class=\"wp-block-heading\">3. Communication \u00e9lectronique<\/h2>\n\n\n\n<p>En utilisant ce site Internet ou en communiquant avec nous par voie \u00e9lectronique, vous acceptez et reconnaissez que nous pouvons communiquer avec vous par voie \u00e9lectronique sur notre site Internet ou en vous envoyant un e-mail, et vous acceptez que tous les accords, avis, divulgations et autres<br>communications que nous vous fournissons par voie \u00e9lectronique satisfont \u00e0 toute exigence l\u00e9gale, y compris, mais sans s&rsquo;y limiter, l&rsquo;exigence selon laquelle de telles communications doivent \u00eatre faites par \u00e9crit.<\/p>\n\n\n\n<h2 class=\"wp-block-heading\">4. Propri\u00e9t\u00e9 intellectuelle<\/h2>\n\n\n\n<p>Nous ou nos conc\u00e9dants de licence poss\u00e9dons et contr\u00f4lons l&rsquo;ensemble des droits d&rsquo;auteur et autres droits de propri\u00e9t\u00e9 intellectuelle sur le site Internet et les donn\u00e9es, informations et autres ressources affich\u00e9es par ou accessibles sur le site Internet.<br>4.1 Tous les droits sont r\u00e9serv\u00e9s<br>Sauf indication contraire pour un contenu sp\u00e9cifique, il ne vous est accord\u00e9 aucune licence ni aucun autre droit en vertu des droits d&rsquo;auteur, des marques, des brevets ou d&rsquo;autres droits de propri\u00e9t\u00e9 intellectuelle. Cela signifie que vous n&rsquo;utiliserez, ne copierez, ne reproduirez, n&rsquo;ex\u00e9cuterez, n&rsquo;afficherez, ne distribuerez, n&rsquo;int\u00e9grerez dans aucun support \u00e9lectronique,<br>ne modifierez, ne ferez d&rsquo;ing\u00e9nierie inverse, ne d\u00e9compilerez, ne transf\u00e9rerez, ne t\u00e9l\u00e9chargerez, ne transmettrez, ne mon\u00e9tiserez, ne vendrez, ne commercialiserez aucune ressource de ce site Internet sous quelque forme que ce soit, sans notre autorisation \u00e9crite pr\u00e9alable, sauf et uniquement dans la mesure o\u00f9 les dispositions du droit imp\u00e9ratif en disposent autrement (comme le droit de citation).<\/p>\n\n\n\n<h2 class=\"wp-block-heading\">5. Newsletter<\/h2>\n\n\n\n<p>Nonobstant ce qui pr\u00e9c\u00e8de, vous pouvez transf\u00e9rer notre newsletter sous forme \u00e9lectronique \u00e0 d&rsquo;autres personnes qui pourraient \u00eatre int\u00e9ress\u00e9es par la visite de notre site Internet.<\/p>\n\n\n\n<h2 class=\"wp-block-heading\">6. Propri\u00e9t\u00e9 de tiers<\/h2>\n\n\n\n<p>Notre site Internet peut inclure des hyperliens ou d&rsquo;autres r\u00e9f\u00e9rences \u00e0 des sites Internet de tiers. Nous ne surveillons ni n&rsquo;examinons le contenu des sites Internet de tiers qui sont li\u00e9s \u00e0 partir de ce site Internet. Les produits ou services propos\u00e9s par d&rsquo;autres sites Internet seront soumis aux Conditions applicables de ces tiers. Les opinions exprim\u00e9es ou le mat\u00e9riel apparaissant sur ces sites Internet ne sont pas n\u00e9cessairement partag\u00e9s ou approuv\u00e9s par nous. Nous ne serons pas responsables des pratiques de confidentialit\u00e9 ou du contenu de ces sites. Vous assumez tous les risques associ\u00e9s \u00e0 l&rsquo;utilisation de ces sites Internet et de tout service tiers connexe. Nous n&rsquo;accepterons aucune responsabilit\u00e9 pour toute perte ou tout dommage, de quelque mani\u00e8re que ce soit et quelle qu&rsquo;en soit la cause, r\u00e9sultant de votre divulgation d&rsquo;informations personnelles \u00e0 des tiers.<\/p>\n\n\n\n<h2 class=\"wp-block-heading\">7. Utilisation responsable<\/h2>\n\n\n\n<p>En visitant notre site Internet, vous acceptez de l&rsquo;utiliser uniquement aux fins pr\u00e9vues et autoris\u00e9es par les pr\u00e9sentes Conditions, par tout contrat suppl\u00e9mentaire conclu avec nous, ainsi que par les lois, r\u00e9glementations, pratiques en ligne g\u00e9n\u00e9ralement accept\u00e9es et directives de l&rsquo;industrie applicables. Vous ne devez pas utiliser notre site Internet ou nos services pour utiliser, publier ou distribuer tout mat\u00e9riel qui consiste en (ou est li\u00e9 \u00e0) des logiciels informatiques malveillants ; utiliser les donn\u00e9es collect\u00e9es sur notre site Internet pour toute activit\u00e9 de marketing direct, ou mener des activit\u00e9s de collecte de donn\u00e9es syst\u00e9matiques ou automatis\u00e9es sur ou en relation avec notre site Internet.<\/p>\n\n\n\n<p>S&rsquo;engager dans toute activit\u00e9 qui cause, ou peut causer, des dommages au site Internet ou qui interf\u00e8re avec les performances, la disponibilit\u00e9 ou l&rsquo;accessibilit\u00e9 du site Internet est strictement interdit.<\/p>\n\n\n\n<h2 class=\"wp-block-heading\">8. Soumission d&rsquo;id\u00e9es<\/h2>\n\n\n\n<p>Ne soumettez aucune id\u00e9e, invention, \u0153uvre d&rsquo;auteur ou autre information pouvant \u00eatre consid\u00e9r\u00e9e comme votre propre propri\u00e9t\u00e9 intellectuelle que vous souhaiteriez nous pr\u00e9senter, \u00e0 moins que nous n&rsquo;ayons pr\u00e9alablement sign\u00e9 un accord concernant la propri\u00e9t\u00e9 intellectuelle ou un accord de non-divulgation. Si vous nous les divulguez en l&rsquo;absence d&rsquo;un tel accord \u00e9crit, vous nous accordez une licence mondiale, irr\u00e9vocable, non exclusive et libre de redevances pour utiliser, reproduire, stocker, adapter, publier, traduire et distribuer votre contenu dans tout m\u00e9dia existant ou futur.<\/p>\n\n\n\n<h2 class=\"wp-block-heading\">9. R\u00e9siliation de l&rsquo;utilisation<\/h2>\n\n\n\n<p>Nous pouvons, \u00e0 notre seule discr\u00e9tion, modifier ou interrompre \u00e0 tout moment l&rsquo;acc\u00e8s, de mani\u00e8re temporaire ou permanente, au site Internet ou \u00e0 tout Service qui s&rsquo;y trouve. Vous acceptez que nous ne serons pas responsables envers vous ou tout tiers pour une telle modification, suspension ou interruption de votre acc\u00e8s ou de votre utilisation du site Internet ou de tout contenu que vous pourriez avoir partag\u00e9 sur le site Internet. Vous n&rsquo;aurez droit \u00e0 aucune compensation ou autre paiement, m\u00eame si certaines fonctionnalit\u00e9s, certains param\u00e8tres et\/ou tout Contenu auquel vous avez contribu\u00e9 ou sur lequel vous avez fini par vous appuyer sont d\u00e9finitivement perdus. Vous ne devez pas contourner, ni tenter de contourner, les mesures de restriction d&rsquo;acc\u00e8s \u00e0 notre site Internet.<\/p>\n\n\n\n<h2 class=\"wp-block-heading\">10. Garanties et responsabilit\u00e9<\/h2>\n\n\n\n<p>Rien dans cette section ne limitera ni n&rsquo;exclura une garantie implicite par la loi qu&rsquo;il serait ill\u00e9gal de limiter ou d&rsquo;exclure. Ce site Internet et tout le contenu du site Internet sont fournis \u00ab tels quels \u00bb et \u00ab selon les disponibilit\u00e9s \u00bb et peuvent inclure des inexactitudes ou des erreurs typographiques. Nous d\u00e9clinons express\u00e9ment toute garantie de quelque nature que ce soit, expresse ou implicite, quant \u00e0 la disponibilit\u00e9, l&rsquo;exactitude ou l&rsquo;exhaustivit\u00e9 du Contenu. Nous ne garantissons pas que :<\/p>\n\n\n\n<ul class=\"wp-block-list\">\n<li>ce site Internet ou notre contenu r\u00e9pondront \u00e0 vos exigences ;<\/li>\n\n\n\n<li>ce site Internet sera disponible de mani\u00e8re ininterrompue, opportune, s\u00e9curis\u00e9e ou sans erreur.<\/li>\n<\/ul>\n\n\n\n<p>Rien sur ce site Internet ne constitue ou n&rsquo;est cens\u00e9 constituer un conseil juridique, financier ou m\u00e9dical de quelque nature que ce soit. Si vous avez besoin de conseils, vous devez consulter un professionnel appropri\u00e9. Les dispositions suivantes de la pr\u00e9sente section s&rsquo;appliqueront dans toute la mesure permise par la loi applicable et ne limiteront ni n&rsquo;excluront notre responsabilit\u00e9 \u00e0 l&rsquo;\u00e9gard de toute question pour laquelle il serait ill\u00e9gal ou illicite pour nous de limiter ou d&rsquo;exclure notre responsabilit\u00e9. En aucun cas, nous ne serons responsables des dommages directs ou indirects (y compris tout dommage pour perte de profits ou de revenus, perte ou corruption de donn\u00e9es, de logiciels ou de bases de donn\u00e9es, ou perte ou dommage de biens ou de donn\u00e9es) subis par vous ou par un tiers, r\u00e9sultant de votre acc\u00e8s \u00e0 notre site Internet ou de son utilisation.<\/p>\n\n\n\n<p>Sauf dans la mesure o\u00f9 un contrat suppl\u00e9mentaire stipule express\u00e9ment le contraire, notre responsabilit\u00e9 maximale envers vous pour tous les dommages d\u00e9coulant de ou li\u00e9s au site Internet ou \u00e0 tout produit et service commercialis\u00e9 ou vendu par l&rsquo;interm\u00e9diaire du site Internet, quelle que soit la forme de l&rsquo;action en justice qui impose la responsabilit\u00e9 (que ce soit dans le cadre d&rsquo;un contrat, de l&rsquo;\u00e9quit\u00e9, d&rsquo;une n\u00e9gligence, d&rsquo;une conduite intentionnelle, d&rsquo;un d\u00e9lit ou autre) sera limit\u00e9e au prix total que vous nous avez pay\u00e9 pour acheter ces produits ou services ou utiliser le site Internet. Cette limite s&rsquo;appliquera globalement \u00e0 toutes vos r\u00e9clamations, actions et causes d&rsquo;action de toute sorte et de toute nature.<\/p>\n\n\n\n<h2 class=\"wp-block-heading\">11. Confidentialit\u00e9<\/h2>\n\n\n\n<p>Pour acc\u00e9der \u00e0 notre site Internet et\/ou \u00e0 nos services, il peut vous \u00eatre demand\u00e9 de fournir certaines informations vous concernant dans le cadre du processus d&rsquo;inscription. Vous acceptez que toutes les informations que vous fournissez soient toujours exactes, correctes et \u00e0 jour.<\/p>\n\n\n\n<p>Nous avons \u00e9labor\u00e9 une politique pour r\u00e9pondre \u00e0 toutes vos pr\u00e9occupations en mati\u00e8re de confidentialit\u00e9. Pour plus d&rsquo;informations, veuillez consulter notre <a href=\"https:\/\/onolingo.com\/privacy-policy\/\">Politique de confidentialit\u00e9<\/a> et notre Politique relative aux cookies.<\/p>\n\n\n\n<h2 class=\"wp-block-heading\">12. Restrictions d&rsquo;exportation \/ Conformit\u00e9 l\u00e9gale<\/h2>\n\n\n\n<p>L&rsquo;acc\u00e8s au site Internet \u00e0 partir de territoires ou de pays o\u00f9 le Contenu ou l&rsquo;achat des produits ou Services vendus sur le site Internet est ill\u00e9gal est interdit. Vous ne pouvez pas utiliser ce site Internet en violation des lois et r\u00e9glementations d&rsquo;exportation de l&rsquo;Allemagne.<\/p>\n\n\n\n<h2 class=\"wp-block-heading\">13. Cession<\/h2>\n\n\n\n<p>Vous ne pouvez pas c\u00e9der, transf\u00e9rer ou sous-traiter vos droits et\/ou obligations en vertu des pr\u00e9sentes Conditions, en tout ou en partie, \u00e0 un tiers sans notre consentement \u00e9crit pr\u00e9alable. Toute pr\u00e9tendue cession en violation de la pr\u00e9sente Section sera nulle et non avenue.<\/p>\n\n\n\n<h2 class=\"wp-block-heading\">14. Violations de ces Conditions<\/h2>\n\n\n\n<p>Sans pr\u00e9judice de nos autres droits en vertu des pr\u00e9sentes Conditions, si vous enfreignez ces Conditions de quelque mani\u00e8re que ce soit, nous pouvons prendre les mesures que nous jugeons appropri\u00e9es pour rem\u00e9dier \u00e0 la violation, y compris la suspension temporaire ou permanente de votre acc\u00e8s au site Internet, la prise de contact avec votre fournisseur d&rsquo;acc\u00e8s Internet pour demander le blocage de votre acc\u00e8s au site Internet, et\/ou engager des poursuites judiciaires \u00e0 votre encontre.<\/p>\n\n\n\n<h2 class=\"wp-block-heading\">15. Force majeure<\/h2>\n\n\n\n<p>\u00c0 l&rsquo;exception des obligations de paiement de sommes d&rsquo;argent en vertu des pr\u00e9sentes, aucun retard, manquement ou omission par l&rsquo;une ou l&rsquo;autre des parties d&rsquo;ex\u00e9cuter ou d&rsquo;observer l&rsquo;une de ses obligations au titre des pr\u00e9sentes ne sera consid\u00e9r\u00e9 comme une violation de ces Conditions si, et aussi longtemps que, ce retard, ce manquement ou cette omission d\u00e9coule de toute cause \u00e9chappant au contr\u00f4le raisonnable de cette partie.<\/p>\n\n\n\n<h2 class=\"wp-block-heading\">16. Indemnisation<\/h2>\n\n\n\n<p>Vous acceptez de nous indemniser, de nous d\u00e9fendre et de nous d\u00e9gager de toute responsabilit\u00e9 \u00e0 l&rsquo;\u00e9gard de toutes les r\u00e9clamations, responsabilit\u00e9s, dommages, pertes et d\u00e9penses li\u00e9s \u00e0 votre violation des pr\u00e9sentes Conditions et des lois applicables, y compris les droits de propri\u00e9t\u00e9 intellectuelle et les droits \u00e0 la vie priv\u00e9e. Vous nous rembourserez rapidement nos dommages, pertes, co\u00fbts et d\u00e9penses li\u00e9s \u00e0 ou d\u00e9coulant de telles r\u00e9clamations.<\/p>\n\n\n\n<h2 class=\"wp-block-heading\">17. Renonciation<\/h2>\n\n\n\n<p>Le fait de ne pas faire appliquer l&rsquo;une des dispositions \u00e9nonc\u00e9es dans les pr\u00e9sentes Conditions et dans tout Accord, ou le fait de ne pas exercer une option de r\u00e9siliation, ne sera pas interpr\u00e9t\u00e9 comme une renonciation \u00e0 ces dispositions et n&rsquo;affectera pas la validit\u00e9 de ces Conditions ou de tout Accord ou d&rsquo;une partie de ceux-ci, ni le droit de faire appliquer par la suite chacune des dispositions.<\/p>\n\n\n\n<h2 class=\"wp-block-heading\">18. Langue<\/h2>\n\n\n\n<p>Ces Conditions seront interpr\u00e9t\u00e9es et appliqu\u00e9es exclusivement en anglais. Tous les avis et correspondances seront r\u00e9dig\u00e9s exclusivement dans cette langue.<\/p>\n\n\n\n<h2 class=\"wp-block-heading\">19. Int\u00e9gralit\u00e9 de l&rsquo;accord<\/h2>\n\n\n\n<p>Ces Conditions, ainsi que notre d\u00e9claration de confidentialit\u00e9 et notre politique relative aux cookies, constituent l&rsquo;int\u00e9gralit\u00e9 de l&rsquo;accord entre vous et John Moen concernant votre utilisation de ce site Internet.<\/p>\n\n\n\n<h2 class=\"wp-block-heading\">20. Mise \u00e0 jour de ces Conditions<\/h2>\n\n\n\n<p>Nous pouvons mettre \u00e0 jour ces Conditions de temps \u00e0 autre. Il vous incombe de v\u00e9rifier p\u00e9riodiquement ces Conditions pour prendre connaissance des modifications ou des mises \u00e0 jour. La date indiqu\u00e9e au d\u00e9but de ces Conditions est la date de la derni\u00e8re r\u00e9vision. Les modifications apport\u00e9es \u00e0 ces Conditions prendront effet d\u00e8s leur publication sur ce site Internet. Votre utilisation continue de ce site Internet \u00e0 la suite de la publication de modifications ou de mises \u00e0 jour sera consid\u00e9r\u00e9e comme un avis de votre acceptation de respecter et d&rsquo;\u00eatre li\u00e9 par ces Conditions.<\/p>\n\n\n\n<h2 class=\"wp-block-heading\">21. Choix de la loi et juridiction<\/h2>\n\n\n\n<p>Ces Conditions seront r\u00e9gies par les lois de l&rsquo;Allemagne. Tout litige relatif \u00e0 ces Conditions sera soumis \u00e0 la comp\u00e9tence des tribunaux d&rsquo;Allemagne. Si une partie ou une disposition de ces Conditions est jug\u00e9e par un tribunal ou une autre autorit\u00e9 comme \u00e9tant invalide et\/ou inapplicable en vertu de la loi applicable, cette partie ou disposition sera modifi\u00e9e, supprim\u00e9e et\/ou appliqu\u00e9e dans la mesure maximale autoris\u00e9e de mani\u00e8re \u00e0 donner effet \u00e0 l&rsquo;intention de ces Conditions. Les autres dispositions n&rsquo;en seront pas affect\u00e9es.<\/p>\n","protected":false},"excerpt":{"rendered":"<p>Conditions g\u00e9n\u00e9rales de vente Derni\u00e8re mise \u00e0 jour le 12 juillet 2022 1. Introduction Les pr\u00e9sentes Conditions G\u00e9n\u00e9rales de Vente (ci-apr\u00e8s les \u00ab Conditions \u00bb) s\u2019appliquent \u00e0 ce site Web et aux transactions relatives \u00e0 nos produits et services. Vous pouvez \u00eatre li\u00e9 par des contrats suppl\u00e9mentaires relatifs \u00e0 votre relation avec nous ou \u00e0 [&hellip;]<\/p>\n","protected":false},"author":1,"featured_media":0,"parent":0,"menu_order":0,"comment_status":"closed","ping_status":"closed","template":"","meta":{"_coblocks_attr":"","_coblocks_dimensions":"","_coblocks_responsive_height":"","_coblocks_accordion_ie_support":"","hide_page_title":"enabled","footnotes":""},"class_list":["post-21","page","type-page","status-publish","hentry"],"_links":{"self":[{"href":"https:\/\/onolingo.com\/fr\/wp-json\/wp\/v2\/pages\/21","targetHints":{"allow":["GET"]}}],"collection":[{"href":"https:\/\/onolingo.com\/fr\/wp-json\/wp\/v2\/pages"}],"about":[{"href":"https:\/\/onolingo.com\/fr\/wp-json\/wp\/v2\/types\/page"}],"author":[{"embeddable":true,"href":"https:\/\/onolingo.com\/fr\/wp-json\/wp\/v2\/users\/1"}],"replies":[{"embeddable":true,"href":"https:\/\/onolingo.com\/fr\/wp-json\/wp\/v2\/comments?post=21"}],"version-history":[{"count":7,"href":"https:\/\/onolingo.com\/fr\/wp-json\/wp\/v2\/pages\/21\/revisions"}],"predecessor-version":[{"id":203,"href":"https:\/\/onolingo.com\/fr\/wp-json\/wp\/v2\/pages\/21\/revisions\/203"}],"wp:attachment":[{"href":"https:\/\/onolingo.com\/fr\/wp-json\/wp\/v2\/media?parent=21"}],"curies":[{"name":"wp","href":"https:\/\/api.w.org\/{rel}","templated":true}]}}