{"id":23,"date":"2025-12-15T14:49:25","date_gmt":"2025-12-15T14:49:25","guid":{"rendered":"http:\/\/onolingo.com\/fr\/?page_id=23"},"modified":"2026-03-21T18:42:49","modified_gmt":"2026-03-21T17:42:49","slug":"imprint","status":"publish","type":"page","link":"https:\/\/onolingo.com\/fr\/imprint\/","title":{"rendered":"Imprint"},"content":{"rendered":"\n<h2 class=\"wp-block-heading\">Mentions l\u00e9gales<\/h2>\n\n\n\n<p><strong>Personne responsable<\/strong><\/p>\n\n\n\n<p>John Moen<br>Rosenstra\u00dfe 7<br>65396 Walluf<\/p>\n\n\n\n<p>T\u00e9l\u00e9phone : +49 6123 999 469 <a title=\"Call +49 6123 999469 via Google Voice\" href=\"http:\/\/voice.google.com\/calls?a=nc,%2B496123999469\" target=\"_blank\" rel=\"noopener\" class=\"gv-tel-link\"><\/a><\/p>\n\n\n\n<p>E-mail :&nbsp;<a href=\"mailto:webmaster@onolingo.com\" target=\"_blank\" rel=\"noreferrer noopener\">webmaster@onolingo.com<\/a><\/p>\n\n\n\n<p>Site Internet : onolingo.com<\/p>\n\n\n\n<p>Num\u00e9ro d&rsquo;identification TVA conform\u00e9ment au \u00a7 27a de la loi allemande sur la taxe sur la valeur ajout\u00e9e (UStG) : DE 212 528 625<\/p>\n\n\n\n<p>Responsable du contenu au sens du \u00a7 18 alin\u00e9a 2 du Trait\u00e9 d&rsquo;\u00c9tat sur les m\u00e9dias (MStV) :<\/p>\n\n\n\n<p>John Moen, Rosenstra\u00dfe 7, 65396 Walluf, Allemagne<\/p>\n\n\n\n<p>Ces mentions l\u00e9gales s&rsquo;appliquent \u00e9galement aux profils de r\u00e9seaux sociaux suivants :<\/p>\n\n\n\n<p>Xing :&nbsp;<a href=\"https:\/\/www.xing.com\/profile\/John_Moen\" rel=\"noreferrer noopener\" target=\"_blank\">https:\/\/www.xing.com\/profile\/John_Moen<\/a>&nbsp;LinkedIn :&nbsp;<a href=\"https:\/\/www.linkedin.com\/in\/john-moen\" rel=\"noreferrer noopener\" target=\"_blank\">https:\/\/www.linkedin.com\/in\/john-moen<\/a><\/p>\n\n\n\n<p>La Commission europ\u00e9enne a mis en place une plateforme Internet pour le r\u00e8glement en ligne des litiges (\u00ab plateforme RLL \u00bb) entre entrepreneurs et consommateurs. La plateforme RLL est accessible \u00e0 l&rsquo;adresse suivante :&nbsp;<a href=\"https:\/\/ec.europa.eu\/consumers\/odr\" rel=\"noreferrer noopener\" target=\"_blank\">https:\/\/ec.europa.eu\/consumers\/odr<\/a>&nbsp;Je ne suis ni dispos\u00e9 ni tenu de participer \u00e0 une proc\u00e9dure de r\u00e8glement des litiges devant un organisme de m\u00e9diation de la consommation.<\/p>\n","protected":false},"excerpt":{"rendered":"<p>Mentions l\u00e9gales Personne responsable John MoenRosenstra\u00dfe 765396 Walluf T\u00e9l\u00e9phone : +49 6123 999 469 E-mail :&nbsp;webmaster@onolingo.com Site Internet : onolingo.com Num\u00e9ro d&rsquo;identification TVA conform\u00e9ment au \u00a7 27a de la loi allemande sur la taxe sur la valeur ajout\u00e9e (UStG) : DE 212 528 625 Responsable du contenu au sens du \u00a7 18 alin\u00e9a 2 du [&hellip;]<\/p>\n","protected":false},"author":1,"featured_media":0,"parent":0,"menu_order":0,"comment_status":"closed","ping_status":"closed","template":"","meta":{"_coblocks_attr":"","_coblocks_dimensions":"","_coblocks_responsive_height":"","_coblocks_accordion_ie_support":"","hide_page_title":"enabled","footnotes":""},"class_list":["post-23","page","type-page","status-publish","hentry"],"_links":{"self":[{"href":"https:\/\/onolingo.com\/fr\/wp-json\/wp\/v2\/pages\/23","targetHints":{"allow":["GET"]}}],"collection":[{"href":"https:\/\/onolingo.com\/fr\/wp-json\/wp\/v2\/pages"}],"about":[{"href":"https:\/\/onolingo.com\/fr\/wp-json\/wp\/v2\/types\/page"}],"author":[{"embeddable":true,"href":"https:\/\/onolingo.com\/fr\/wp-json\/wp\/v2\/users\/1"}],"replies":[{"embeddable":true,"href":"https:\/\/onolingo.com\/fr\/wp-json\/wp\/v2\/comments?post=23"}],"version-history":[{"count":6,"href":"https:\/\/onolingo.com\/fr\/wp-json\/wp\/v2\/pages\/23\/revisions"}],"predecessor-version":[{"id":179,"href":"https:\/\/onolingo.com\/fr\/wp-json\/wp\/v2\/pages\/23\/revisions\/179"}],"wp:attachment":[{"href":"https:\/\/onolingo.com\/fr\/wp-json\/wp\/v2\/media?parent=23"}],"curies":[{"name":"wp","href":"https:\/\/api.w.org\/{rel}","templated":true}]}}