{"id":30,"date":"2025-12-15T17:02:19","date_gmt":"2025-12-15T16:02:19","guid":{"rendered":"http:\/\/onolingo.com\/fr\/?page_id=30"},"modified":"2026-03-30T21:07:40","modified_gmt":"2026-03-30T19:07:40","slug":"onolingo-business-english","status":"publish","type":"page","link":"https:\/\/onolingo.com\/fr\/","title":{"rendered":"Onolingo Business English"},"content":{"rendered":"\n<h2 class=\"wp-block-heading has-primary-background-color has-background\" style=\"padding-top:var(--wp--preset--spacing--20);padding-right:var(--wp--preset--spacing--20);padding-bottom:var(--wp--preset--spacing--20);padding-left:var(--wp--preset--spacing--20)\"><img loading=\"lazy\" decoding=\"async\" width=\"1080\" height=\"810\" class=\"wp-image-32\" style=\"width: 1080px;\" src=\"http:\/\/onolingo.com\/fr\/wp-content\/uploads\/sites\/2\/2025\/12\/jm4-3.jpg\" alt=\"\" srcset=\"https:\/\/onolingo.com\/fr\/wp-content\/uploads\/sites\/4\/2025\/12\/jm4-3.jpg 2508w, https:\/\/onolingo.com\/fr\/wp-content\/uploads\/sites\/4\/2025\/12\/jm4-3-300x225.jpg 300w, https:\/\/onolingo.com\/fr\/wp-content\/uploads\/sites\/4\/2025\/12\/jm4-3-1024x768.jpg 1024w, https:\/\/onolingo.com\/fr\/wp-content\/uploads\/sites\/4\/2025\/12\/jm4-3-768x576.jpg 768w, https:\/\/onolingo.com\/fr\/wp-content\/uploads\/sites\/4\/2025\/12\/jm4-3-1536x1152.jpg 1536w, https:\/\/onolingo.com\/fr\/wp-content\/uploads\/sites\/4\/2025\/12\/jm4-3-2048x1536.jpg 2048w\" sizes=\"auto, (max-width: 1080px) 100vw, 1080px\" \/> Un meilleur anglais des affaires, de meilleurs r\u00e9sultats\u202f!<\/h2>\n\n\n\n<p>Je suis John Moen. J\u2019aide les professionnels \u00e0 tous les niveaux \u00e0 communiquer avec clart\u00e9 et assurance lors de r\u00e9unions, pr\u00e9sentations, conf\u00e9rences, \u00e9v\u00e9nements de networking ou collaborations interculturelles.<\/p>\n\n\n\n<p>Vous souhaitez d\u00e9couvrir comment je peux vous aider, vous ou votre entreprise, \u00e0 communiquer plus efficacement \u2014 avec davantage d\u2019assurance et d\u2019impact ? Il vous suffit d&rsquo;utiliser le formulaire ci-dessous pour me contacter.<\/p>\n\n\n\n<h2 class=\"wp-block-heading\">Contactez-nous !<\/h2>\n\n\n\n<div class=\"wpcf7 no-js\" id=\"wpcf7-f53-o1\" lang=\"en-US\" dir=\"ltr\" data-wpcf7-id=\"53\">\n<div class=\"screen-reader-response\"><p role=\"status\" aria-live=\"polite\" aria-atomic=\"true\"><\/p> <ul><\/ul><\/div>\n<form action=\"\/fr\/wp-json\/wp\/v2\/pages\/30#wpcf7-f53-o1\" method=\"post\" class=\"wpcf7-form init\" aria-label=\"Contact form\" novalidate=\"novalidate\" data-status=\"init\">\n<fieldset class=\"hidden-fields-container\"><input type=\"hidden\" name=\"_wpcf7\" value=\"53\" \/><input type=\"hidden\" name=\"_wpcf7_version\" value=\"6.1.5\" \/><input type=\"hidden\" name=\"_wpcf7_locale\" value=\"en_US\" \/><input type=\"hidden\" name=\"_wpcf7_unit_tag\" value=\"wpcf7-f53-o1\" \/><input type=\"hidden\" name=\"_wpcf7_container_post\" value=\"0\" \/><input type=\"hidden\" name=\"_wpcf7_posted_data_hash\" value=\"\" \/>\n<\/fieldset>\n<p><label> Votre nom et votre entreprise*<br \/>\n<span class=\"wpcf7-form-control-wrap\" data-name=\"your-name\"><input size=\"40\" maxlength=\"400\" class=\"wpcf7-form-control wpcf7-text wpcf7-validates-as-required\" autocomplete=\"name\" aria-required=\"true\" aria-invalid=\"false\" value=\"\" type=\"text\" name=\"your-name\" \/><\/span> <\/label>\n<\/p>\n<p><label> E-mail professionnel*<br \/>\n<span class=\"wpcf7-form-control-wrap\" data-name=\"your-email\"><input size=\"40\" maxlength=\"400\" class=\"wpcf7-form-control wpcf7-email wpcf7-validates-as-required wpcf7-text wpcf7-validates-as-email\" autocomplete=\"email\" aria-required=\"true\" aria-invalid=\"false\" value=\"\" type=\"email\" name=\"your-email\" \/><\/span> <\/label>\n<\/p>\n<p><label> Num\u00e9ro de t\u00e9l\u00e9phone professionnel*<br \/>\n<span class=\"wpcf7-form-control-wrap\" data-name=\"tel-958\"><input size=\"40\" maxlength=\"400\" class=\"wpcf7-form-control wpcf7-tel wpcf7-validates-as-required wpcf7-text wpcf7-validates-as-tel\" aria-required=\"true\" aria-invalid=\"false\" value=\"\" type=\"tel\" name=\"tel-958\" \/><\/span> <\/label>\n<\/p>\n<h6>Centres d'int\u00e9r\u00eat \u2014 vous pouvez en s\u00e9lectionner plusieurs*\n<\/h6>\n<p><span class=\"wpcf7-form-control-wrap\" data-name=\"checkbox-331\"><span class=\"wpcf7-form-control wpcf7-checkbox wpcf7-validates-as-required\"><span class=\"wpcf7-list-item first\"><label><input type=\"checkbox\" name=\"checkbox-331[]\" value=\"Je suis int\u00e9ress\u00e9(e) par des cours d&#039;anglais des affaires, du coaching et\/ou des ateliers pour mon entreprise.\" \/><span class=\"wpcf7-list-item-label\">Je suis int\u00e9ress\u00e9(e) par des cours d&#039;anglais des affaires, du coaching et\/ou des ateliers pour mon entreprise.<\/span><\/label><\/span><span class=\"wpcf7-list-item\"><label><input type=\"checkbox\" name=\"checkbox-331[]\" value=\"Je suis un particulier et je souhaite am\u00e9liorer mon anglais des affaires dans le cadre de cours particuliers ou en petit groupe.\" \/><span class=\"wpcf7-list-item-label\">Je suis un particulier et je souhaite am\u00e9liorer mon anglais des affaires dans le cadre de cours particuliers ou en petit groupe.<\/span><\/label><\/span><span class=\"wpcf7-list-item\"><label><input type=\"checkbox\" name=\"checkbox-331[]\" value=\"Je souhaiterais organiser une consultation gratuite.\" \/><span class=\"wpcf7-list-item-label\">Je souhaiterais organiser une consultation gratuite.<\/span><\/label><\/span><span class=\"wpcf7-list-item last\"><label><input type=\"checkbox\" name=\"checkbox-331[]\" value=\"Je souhaiterais obtenir des informations sur nos tarifs.\" \/><span class=\"wpcf7-list-item-label\">Je souhaiterais obtenir des informations sur nos tarifs.<\/span><\/label><\/span><\/span><\/span>\n<\/p>\n<p><label> Veuillez nous expliquer bri\u00e8vement pourquoi vous souhaitez am\u00e9liorer vos comp\u00e9tences en anglais des affaires ou celles de vos employ\u00e9s. Si vous demandez des informations sur les tarifs, veuillez fournir quelques d\u00e9tails, par exemple si vous recherchez un coaching pour cadres, le nombre d'employ\u00e9s que vous pr\u00e9voyez de former, etc.*<br \/>\n<span class=\"wpcf7-form-control-wrap\" data-name=\"textarea-333\"><textarea cols=\"40\" rows=\"10\" maxlength=\"2000\" class=\"wpcf7-form-control wpcf7-textarea wpcf7-validates-as-required\" aria-required=\"true\" aria-invalid=\"false\" placeholder=\"J&#039;ai\/nous avons besoin de l&#039;anglais pour\u2026\" name=\"textarea-333\"><\/textarea><\/span> <\/label>\n<\/p>\n<p><label>Onolingo s'engage \u00e0 respecter pleinement le RGPD. Cela signifie que vous devez confirmer que vous avez lu et accept\u00e9 nos <a href=\"https:\/\/onolingo.com\/terms-conditions\/\" target=\"_blank\" rel=\"noopener noreferrer\">Conditions g\u00e9n\u00e9rales et notre <\/a><a href=\"https:\/\/onolingo.com\/privacy-policy\/\" target=\"_blank\" rel=\"noopener noreferrer\">Politique de confidentialit\u00e9 avant de soumettre ce formulaire.<br \/>\n<span class=\"wpcf7-form-control-wrap\" data-name=\"acceptance-15\"><span class=\"wpcf7-form-control wpcf7-acceptance\"><span class=\"wpcf7-list-item\"><label><input type=\"checkbox\" name=\"acceptance-15\" value=\"1\" aria-invalid=\"false\" \/><span class=\"wpcf7-list-item-label\">J'ai lu et j'accepte les Conditions g\u00e9n\u00e9rales et la Politique de confidentialit\u00e9.*<\/span><\/label><\/span><\/span><\/span> <\/a><\/label>\n<\/p>\n<p><input class=\"wpcf7-form-control wpcf7-submit has-spinner\" type=\"submit\" value=\"Send\" \/><br \/>\n<div class=\"wpcf7-turnstile cf-turnstile\" data-sitekey=\"0x4AAAAAACG1xFAJ3iKbel4e\" data-response-field-name=\"_wpcf7_turnstile_response\" data-appearance=\"interaction-only\" data-language=\"fr\"><\/div>\n<\/p><div class=\"wpcf7-response-output\" aria-hidden=\"true\"><\/div>\n<\/form>\n<\/div>\n\n\n\n\n<div style=\"height:100px\" aria-hidden=\"true\" class=\"wp-block-spacer\"><\/div>\n\n\n\n<div style=\"text-align: center; width: 100%;\">\n  <div style=\"max-width: 560px; margin: 0 auto;\">\n    <div style=\"position: relative; padding-bottom: 56.25%; height: 0; overflow: hidden;\">\n      <iframe \n        src=\"https:\/\/www.youtube.com\/embed\/LIHYc_hiI_Q?rel=0&#038;modestbranding=1&#038;cc_load_policy=1&#038;cc_lang_pref=fr\" \n        style=\"position: absolute; top: 0; left: 0; width: 100%; height: 100%; border: 0;\" \n        title=\"YouTube video player\" \n        allow=\"accelerometer; clipboard-write; encrypted-media; gyroscope; picture-in-picture; web-share\" \n        referrerpolicy=\"strict-origin-when-cross-origin\" \n        allowfullscreen>\n      <\/iframe>\n    <\/div>\n  <\/div>\n<\/div>\n\n\n\n<h2 class=\"wp-block-heading\">Quelques mots sur moi<\/h2>\n\n\n\n<div style=\"overflow: hidden; margin-bottom: 20px;\">\n    <h3 style=\"margin-top: 0;\">Expertise professionnelle<\/h3>\n    <img decoding=\"async\" src=\"http:\/\/onolingo.com\/fr\/wp-content\/uploads\/sites\/2\/2025\/12\/PXL_20251221_134026016.PORTRAIT2.jpg\" \n         alt=\"Photo du fondateur d'Onolingo, John Moen\" \n         style=\"width: 150px; height: 150px; border-radius: 50%; object-fit: cover; float: left; margin: 0 20px 10px 0;\">\n    <p>En 2026, je franchirai le cap de ma 29e ann\u00e9e en tant que professeur d\u2019anglais langue \u00e9trang\u00e8re. En tant que formateur, je me sp\u00e9cialise dans le <strong>coaching de cadres<\/strong>, l\u2019animation d\u2019<strong>ateliers de communication d\u2019entreprise et interculturelle<\/strong>, ainsi que dans les <strong>cours d\u2019anglais des affaires en ligne<\/strong> destin\u00e9s \u00e0 de petits groupes.<\/p>\n    <p>Au fil des ans, j\u2019ai travaill\u00e9 avec des professionnels issus d\u2019un large \u00e9ventail de secteurs :<\/p>\n    \n    <div style=\"display: grid; grid-template-columns: repeat(auto-fit, minmax(250px, 1fr)); gap: 10px; margin-top: 20px;\">\n        <ul style=\"margin: 0; padding-left: 20px;\">\n            <li>Ing\u00e9nierie (M\u00e9canique, G\u00e9nie Civil, \u00c9lectrique)<\/li>\n            <li>Design Industriel et Graphique<\/li>\n            <li>Production et Industrie Manufacturi\u00e8re<\/li>\n            <li>Automobile, A\u00e9ronautique et nouvelles mobilit\u00e9s<\/li>\n            <li>Industrie Chimique et Pharmaceutique<\/li>\n            <li>M\u00e9decine et Sant\u00e9<\/li>\n            <li>Conseil en Management<\/li>\n        <\/ul>\n        <ul style=\"margin: 0; padding-left: 20px;\">\n            <li>Technologies de l&rsquo;Information et Logiciels<\/li>\n            <li>Finance, Banque et Assurances<\/li>\n            <li>Logistique et Supply Chain Management<\/li>\n            <li>Droit et Services Juridiques<\/li>\n            <li>Gouvernement et Administration Publique<\/li>\n            <li>H\u00f4tellerie et Tourisme<\/li>\n            <li>Gestion de sites (Facility Management)<\/li>\n        <\/ul>\n    <\/div>\n<\/div>\n\n\n\n<h3 class=\"wp-block-heading\">Philosophie d\u2019enseignement et approche<\/h3>\n\n\n\n<p>Depuis l\u2019obtention de mon dipl\u00f4me d\u2019enseignement \u00e0 l\u2019universit\u00e9 d\u2019\u00c9tat de San Diego en 1997, mon approche n\u2019a cess\u00e9 d\u2019\u00e9voluer, fa\u00e7onn\u00e9e par l\u2019exp\u00e9rience et la formation continue.<\/p>\n\n\n\n<p>Aujourd\u2019hui, je m\u2019appuie principalement sur l\u2019<strong>Approche Naturelle<\/strong> (Natural Approach), qui met l\u2019accent sur une <strong>communication authentique<\/strong> dans des contextes r\u00e9els. J\u2019int\u00e8gre des strat\u00e9gies d\u2019<strong>apprentissage par r\u00e9p\u00e9tition espac\u00e9e<\/strong> (spaced repetition) pour aider les apprenants \u00e0 m\u00e9moriser et \u00e0 consolider leurs acquis sur le long terme. J\u2019incorpore \u00e9galement des activit\u00e9s de <strong>r\u00e9solution de probl\u00e8mes<\/strong> et d\u2019autres approches bas\u00e9es sur des t\u00e2ches, afin de garantir que l\u2019apprentissage reste <strong>pratique et adapt\u00e9<\/strong> aux besoins du monde du travail.<\/p>\n\n\n\n<p>Plut\u00f4t que de m\u2019appuyer sur des cours magistraux ou des corrections excessives, je m\u2019efforce de cr\u00e9er un <strong>environnement d\u2019apprentissage positif<\/strong> o\u00f9 mes clients se sentent \u00e0 l\u2019aise, tout en renfor\u00e7ant leur confiance et leurs comp\u00e9tences en communication.<\/p>\n\n\n\n<h3 class=\"wp-block-heading\">Parcours personnel<\/h3>\n\n\n\n<p>Je suis n\u00e9 et j\u2019ai grandi aux \u00c9tats-Unis, mais je vis dans la r\u00e9gion de Francfort-Rhin-Main en Allemagne depuis 1997.<\/p>\n\n\n\n<p>\u2014 <strong>John Moen<\/strong>, fondateur d\u2019Onolingo<\/p>\n\n\n\n<div style=\"height:60px\" aria-hidden=\"true\" class=\"wp-block-spacer\"><\/div>\n\n\n\n<div class=\"wp-block-group has-quaternary-color has-text-color has-background has-link-color wp-elements-5933e087d69af40f9b1fb9ab477004df\" style=\"background-color:#212121\"><div class=\"wp-block-group__inner-container is-layout-constrained wp-block-group-is-layout-constrained\">\n<h2 class=\"wp-block-heading has-text-align-center has-quaternary-color has-primary-background-color has-text-color has-background has-link-color wp-elements-609218c39067c50e93e65753a726da3b\" style=\"padding-top:var(--wp--preset--spacing--50);padding-right:0;padding-bottom:var(--wp--preset--spacing--50);padding-left:0\">Testez votre anglais !<\/h2>\n\n\n\n<h3 class=\"wp-block-heading has-quaternary-color has-text-color has-link-color wp-elements-1e0522f40edcf41e3b47f9480f3d511e\" style=\"padding-top:var(--wp--preset--spacing--20);padding-right:var(--wp--preset--spacing--40);padding-bottom:0;padding-left:var(--wp--preset--spacing--40)\">Test de niveau gratuit et rapide<\/h3>\n\n\n\n<p class=\"has-text-align-left\" style=\"padding-top:var(--wp--preset--spacing--20);padding-right:var(--wp--preset--spacing--40);padding-bottom:var(--wp--preset--spacing--40);padding-left:var(--wp--preset--spacing--40)\">Le Quick English Test d\u2019Onolingo d\u00e9termine votre niveau en 30 minutes maximum. Il s&rsquo;agit d&rsquo;un petit test d&rsquo;\u00e9valuation pour t&rsquo;aider \u00e0 trouver le cours qui te convient. Ce n&rsquo;est pas un examen officiel comme le TOEIC ou l&rsquo;IELTS.<\/p>\n\n\n\n<div class=\"wp-block-buttons is-content-justification-center is-layout-flex wp-container-core-buttons-is-layout-16018d1d wp-block-buttons-is-layout-flex\">\n<div class=\"wp-block-button\"><a class=\"wp-block-button__link has-text-align-center wp-element-button\" href=\"https:\/\/onolingo.com\/test\" target=\"_blank\" rel=\"noreferrer noopener\">Acc\u00e9der au test<\/a><\/div>\n<\/div>\n\n\n\n<div style=\"height:20px\" aria-hidden=\"true\" class=\"wp-block-spacer\"><\/div>\n<\/div><\/div>\n","protected":false},"excerpt":{"rendered":"<p>Un meilleur anglais des affaires, de meilleurs r\u00e9sultats\u202f! Je suis John Moen. J\u2019aide les professionnels \u00e0 tous les niveaux \u00e0 communiquer avec clart\u00e9 et assurance lors de r\u00e9unions, pr\u00e9sentations, conf\u00e9rences, \u00e9v\u00e9nements de networking ou collaborations interculturelles. Vous souhaitez d\u00e9couvrir comment je peux vous aider, vous ou votre entreprise, \u00e0 communiquer plus efficacement \u2014 avec davantage [&hellip;]<\/p>\n","protected":false},"author":1,"featured_media":0,"parent":0,"menu_order":0,"comment_status":"closed","ping_status":"closed","template":"","meta":{"_coblocks_attr":"","_coblocks_dimensions":"","_coblocks_responsive_height":"","_coblocks_accordion_ie_support":"","hide_page_title":"enabled","footnotes":""},"class_list":["post-30","page","type-page","status-publish","hentry"],"_links":{"self":[{"href":"https:\/\/onolingo.com\/fr\/wp-json\/wp\/v2\/pages\/30","targetHints":{"allow":["GET"]}}],"collection":[{"href":"https:\/\/onolingo.com\/fr\/wp-json\/wp\/v2\/pages"}],"about":[{"href":"https:\/\/onolingo.com\/fr\/wp-json\/wp\/v2\/types\/page"}],"author":[{"embeddable":true,"href":"https:\/\/onolingo.com\/fr\/wp-json\/wp\/v2\/users\/1"}],"replies":[{"embeddable":true,"href":"https:\/\/onolingo.com\/fr\/wp-json\/wp\/v2\/comments?post=30"}],"version-history":[{"count":54,"href":"https:\/\/onolingo.com\/fr\/wp-json\/wp\/v2\/pages\/30\/revisions"}],"predecessor-version":[{"id":221,"href":"https:\/\/onolingo.com\/fr\/wp-json\/wp\/v2\/pages\/30\/revisions\/221"}],"wp:attachment":[{"href":"https:\/\/onolingo.com\/fr\/wp-json\/wp\/v2\/media?parent=30"}],"curies":[{"name":"wp","href":"https:\/\/api.w.org\/{rel}","templated":true}]}}